{"id":1924,"date":"2025-10-07T07:37:15","date_gmt":"2025-10-07T07:37:15","guid":{"rendered":"https:\/\/gamelandproject.eu\/?page_id=1924"},"modified":"2026-01-14T14:22:42","modified_gmt":"2026-01-14T14:22:42","slug":"wp2-methodological-framework","status":"publish","type":"page","link":"https:\/\/gamelandproject.eu\/?page_id=1924","title":{"rendered":"WP2 \u2013 Methodological Framework"},"content":{"rendered":"\t\t<div data-elementor-type=\"wp-page\" data-elementor-id=\"1924\" class=\"elementor elementor-1924\">\n\t\t\t\t\t\t\t\t\t<section class=\"elementor-section elementor-top-section elementor-element elementor-element-b9c6f90 elementor-section-boxed elementor-section-height-default elementor-section-height-default wpr-particle-no wpr-jarallax-no wpr-parallax-no wpr-sticky-section-no\" data-id=\"b9c6f90\" data-element_type=\"section\">\n\t\t\t\t\t\t<div class=\"elementor-container elementor-column-gap-default\">\n\t\t\t\t\t<div class=\"elementor-column elementor-col-100 elementor-top-column elementor-element elementor-element-93f65fe\" data-id=\"93f65fe\" data-element_type=\"column\">\n\t\t\t<div class=\"elementor-widget-wrap elementor-element-populated\">\n\t\t\t\t\t\t\t\t<div class=\"elementor-element elementor-element-eaa28a2 elementor-widget elementor-widget-text-editor\" data-id=\"eaa28a2\" data-element_type=\"widget\" data-widget_type=\"text-editor.default\">\n\t\t\t\t<div class=\"elementor-widget-container\">\n\t\t\t<style>\/*! elementor - v3.11.2 - 22-02-2023 *\/\n.elementor-widget-text-editor.elementor-drop-cap-view-stacked .elementor-drop-cap{background-color:#818a91;color:#fff}.elementor-widget-text-editor.elementor-drop-cap-view-framed .elementor-drop-cap{color:#818a91;border:3px solid;background-color:transparent}.elementor-widget-text-editor:not(.elementor-drop-cap-view-default) .elementor-drop-cap{margin-top:8px}.elementor-widget-text-editor:not(.elementor-drop-cap-view-default) .elementor-drop-cap-letter{width:1em;height:1em}.elementor-widget-text-editor .elementor-drop-cap{float:left;text-align:center;line-height:1;font-size:50px}.elementor-widget-text-editor .elementor-drop-cap-letter{display:inline-block}<\/style>\t\t\t\t<h1 data-start=\"326\" data-end=\"350\"><span style=\"color: #ff6600;\"><strong><span dir=\"auto\" style=\"vertical-align: inherit;\"><span dir=\"auto\" style=\"vertical-align: inherit;\">PANORAMICA WP2<\/span><\/span><\/strong><\/span><\/h1>\n<h3 data-start=\"326\" data-end=\"350\"><span style=\"color: #ff6600;\"><strong data-start=\"330\" data-end=\"350\"><span dir=\"auto\" style=\"vertical-align: inherit;\"><span dir=\"auto\" style=\"vertical-align: inherit;\">Obiettivo del WP2<\/span><\/span><\/strong><\/span><\/h3>\n<p data-start=\"351\" data-end=\"733\"><span dir=\"auto\" style=\"vertical-align: inherit;\"><span dir=\"auto\" style=\"vertical-align: inherit;\">L&#8217;obiettivo principale del Work Package 2 (WP2) \u00e8 lo sviluppo del <\/span><\/span><strong data-start=\"415\" data-end=\"452\"><span dir=\"auto\" style=\"vertical-align: inherit;\"><span dir=\"auto\" style=\"vertical-align: inherit;\">Quadro Metodologico GAMEland<\/span><\/span><\/strong><span dir=\"auto\" style=\"vertical-align: inherit;\"><span dir=\"auto\" style=\"vertical-align: inherit;\"> . <\/span><\/span><br data-start=\"453\" data-end=\"456\" \/><span dir=\"auto\" style=\"vertical-align: inherit;\"><span dir=\"auto\" style=\"vertical-align: inherit;\">Questo documento funger\u00e0 da <\/span><\/span><strong data-start=\"488\" data-end=\"530\"><span dir=\"auto\" style=\"vertical-align: inherit;\"><span dir=\"auto\" style=\"vertical-align: inherit;\">fondamento teorico e operativo<\/span><\/span><\/strong><span dir=\"auto\" style=\"vertical-align: inherit;\"><span dir=\"auto\" style=\"vertical-align: inherit;\"> per l&#8217;intero modello educativo e gamificato del progetto. <\/span><\/span><br data-start=\"591\" data-end=\"594\" \/><span dir=\"auto\" style=\"vertical-align: inherit;\"><span dir=\"auto\" style=\"vertical-align: inherit;\">Fornir\u00e0 linee guida chiare per l&#8217; <\/span><\/span><strong data-start=\"635\" data-end=\"666\"><span dir=\"auto\" style=\"vertical-align: inherit;\"><span dir=\"auto\" style=\"vertical-align: inherit;\">applicazione della gamification<\/span><\/span><\/strong><span dir=\"auto\" style=\"vertical-align: inherit;\"><span dir=\"auto\" style=\"vertical-align: inherit;\"> nell&#8217;insegnamento e nell&#8217;apprendimento <\/span><\/span><strong data-start=\"670\" data-end=\"710\"><span dir=\"auto\" style=\"vertical-align: inherit;\"><span dir=\"auto\" style=\"vertical-align: inherit;\">della lingua per scopi specifici (LSP)<\/span><\/span><\/strong><span dir=\"auto\" style=\"vertical-align: inherit;\"><span dir=\"auto\" style=\"vertical-align: inherit;\"> .<\/span><\/span><\/p>\n<hr data-start=\"735\" data-end=\"738\" \/>\n<h3 data-start=\"740\" data-end=\"773\"><span style=\"color: #ff6600;\"><strong data-start=\"744\" data-end=\"773\"><span dir=\"auto\" style=\"vertical-align: inherit;\"><span dir=\"auto\" style=\"vertical-align: inherit;\">Descrizione delle attivit\u00e0<\/span><\/span><\/strong><\/span><\/h3>\n<p data-start=\"774\" data-end=\"1273\"><span dir=\"auto\" style=\"vertical-align: inherit;\"><span dir=\"auto\" style=\"vertical-align: inherit;\">Il WP2 si concentra su <\/span><\/span><strong data-start=\"791\" data-end=\"815\"><span dir=\"auto\" style=\"vertical-align: inherit;\"><span dir=\"auto\" style=\"vertical-align: inherit;\">un&#8217;analisi comparativa<\/span><\/span><\/strong><span dir=\"auto\" style=\"vertical-align: inherit;\"><span dir=\"auto\" style=\"vertical-align: inherit;\"> delle differenze nazionali in termini di competenze professionali e linguistiche tra datori di lavoro e giovani laureati che si affacciano al mercato del lavoro. <\/span><\/span><br data-start=\"960\" data-end=\"963\" \/><span dir=\"auto\" style=\"vertical-align: inherit;\"><span dir=\"auto\" style=\"vertical-align: inherit;\">Attraverso <\/span><\/span><strong data-start=\"971\" data-end=\"987\"><span dir=\"auto\" style=\"vertical-align: inherit;\"><span dir=\"auto\" style=\"vertical-align: inherit;\">focus group<\/span><\/span><\/strong><span dir=\"auto\" style=\"vertical-align: inherit;\"><span dir=\"auto\" style=\"vertical-align: inherit;\"> condotti in tutti e cinque i paesi partner (Italia, Polonia, Ucraina, Francia e Turchia), il team di progetto raccoglier\u00e0 feedback diretti da studenti, insegnanti, imprenditori ed esperti di LSP per comprendere meglio come aiutare i giovani ad entrare e avere successo nel mercato del lavoro internazionale.<\/span><\/span><\/p>\n<p data-start=\"1275\" data-end=\"1678\"><span dir=\"auto\" style=\"vertical-align: inherit;\"><span dir=\"auto\" style=\"vertical-align: inherit;\">Una parte specifica del WP2 \u00e8 dedicata all&#8217;analisi <\/span><\/span><strong data-start=\"1318\" data-end=\"1360\"><span dir=\"auto\" style=\"vertical-align: inherit;\"><span dir=\"auto\" style=\"vertical-align: inherit;\">dei contenuti dei libri di testo di lingua<\/span><\/span><\/strong><span dir=\"auto\" style=\"vertical-align: inherit;\"><span dir=\"auto\" style=\"vertical-align: inherit;\"> utilizzati nei paesi partner, al fine di individuare lacune nei contenuti, nella metodologia e negli approcci pedagogici. <\/span><\/span><br data-start=\"1470\" data-end=\"1473\" \/><span dir=\"auto\" style=\"vertical-align: inherit;\"><span dir=\"auto\" style=\"vertical-align: inherit;\">I risultati di questa attivit\u00e0 contribuiranno direttamente alla <\/span><\/span><strong data-start=\"1537\" data-end=\"1590\"><span dir=\"auto\" style=\"vertical-align: inherit;\"><span dir=\"auto\" style=\"vertical-align: inherit;\">creazione del Quadro Metodologico GAMEland<\/span><\/span><\/strong><span dir=\"auto\" style=\"vertical-align: inherit;\"><span dir=\"auto\" style=\"vertical-align: inherit;\"> , che guider\u00e0 la progettazione del gioco educativo e le successive fasi del progetto.<\/span><\/span><\/p>\n<hr data-start=\"1680\" data-end=\"1683\" \/>\n<h3 data-start=\"1685\" data-end=\"1714\"><span style=\"color: #ff6600;\"><strong data-start=\"1689\" data-end=\"1714\"><span dir=\"auto\" style=\"vertical-align: inherit;\"><span dir=\"auto\" style=\"vertical-align: inherit;\">Principali risultati attesi<\/span><\/span><\/strong><\/span><\/h3>\n<ol data-start=\"1715\" data-end=\"2126\">\n<li data-start=\"1715\" data-end=\"1804\">\n<p data-start=\"1718\" data-end=\"1804\"><strong data-start=\"1718\" data-end=\"1744\"><span dir=\"auto\" style=\"vertical-align: inherit;\"><span dir=\"auto\" style=\"vertical-align: inherit;\">Mappatura delle soft skills<\/span><\/span><\/strong><span dir=\"auto\" style=\"vertical-align: inherit;\"><span dir=\"auto\" style=\"vertical-align: inherit;\"> richieste dalle aziende nei diversi contesti nazionali.<\/span><\/span><\/p>\n<\/li>\n<li data-start=\"1805\" data-end=\"1898\">\n<p data-start=\"1808\" data-end=\"1898\"><strong data-start=\"1808\" data-end=\"1847\"><span dir=\"auto\" style=\"vertical-align: inherit;\"><span dir=\"auto\" style=\"vertical-align: inherit;\">Catalogo di argomenti e competenze<\/span><\/span><\/strong><span dir=\"auto\" style=\"vertical-align: inherit;\"><span dir=\"auto\" style=\"vertical-align: inherit;\"> sottorappresentati nei libri di testo di lingua esistenti.<\/span><\/span><\/p>\n<\/li>\n<li data-start=\"1899\" data-end=\"1997\">\n<p data-start=\"1902\" data-end=\"1997\"><strong data-start=\"1902\" data-end=\"1928\"><span dir=\"auto\" style=\"vertical-align: inherit;\"><span dir=\"auto\" style=\"vertical-align: inherit;\">Raccolta di feedback<\/span><\/span><\/strong><span dir=\"auto\" style=\"vertical-align: inherit;\"><span dir=\"auto\" style=\"vertical-align: inherit;\"> da focus group che coinvolgono studenti, insegnanti e professionisti.<\/span><\/span><\/p>\n<\/li>\n<li data-start=\"1998\" data-end=\"2126\">\n<p data-start=\"2001\" data-end=\"2126\"><strong data-start=\"2001\" data-end=\"2057\"><span dir=\"auto\" style=\"vertical-align: inherit;\"><span dir=\"auto\" style=\"vertical-align: inherit;\">Sviluppo del quadro metodologico GAMEland<\/span><\/span><\/strong><span dir=\"auto\" style=\"vertical-align: inherit;\"><span dir=\"auto\" style=\"vertical-align: inherit;\"> , un documento di riferimento fondamentale per l&#8217;applicazione della gamification all&#8217;insegnamento LSP.<\/span><\/span><\/p>\n<\/li>\n<\/ol>\n<hr data-start=\"2128\" data-end=\"2131\" \/>\n<h3 data-start=\"2133\" data-end=\"2157\"><span style=\"color: #ff6600;\"><strong data-start=\"2137\" data-end=\"2157\"><span dir=\"auto\" style=\"vertical-align: inherit;\"><span dir=\"auto\" style=\"vertical-align: inherit;\">Ruolo dei partner<\/span><\/span><\/strong><\/span><\/h3>\n<p data-start=\"2158\" data-end=\"2277\"><span dir=\"auto\" style=\"vertical-align: inherit;\"><span dir=\"auto\" style=\"vertical-align: inherit;\">Il WP2 \u00e8 <\/span><\/span><strong data-start=\"2165\" data-end=\"2198\"><span dir=\"auto\" style=\"vertical-align: inherit;\"><span dir=\"auto\" style=\"vertical-align: inherit;\">coordinato da MAKU (Turchia)<\/span><\/span><\/strong><span dir=\"auto\" style=\"vertical-align: inherit;\"><span dir=\"auto\" style=\"vertical-align: inherit;\"> , che guida l&#8217;intero processo di ricerca e la stesura del quadro.<\/span><\/span><\/p>\n<ul data-start=\"2278\" data-end=\"2743\">\n<li data-start=\"2278\" data-end=\"2399\">\n<p data-start=\"2280\" data-end=\"2399\"><strong data-start=\"2280\" data-end=\"2296\"><span dir=\"auto\" style=\"vertical-align: inherit;\"><span dir=\"auto\" style=\"vertical-align: inherit;\">L&#8217;AMU (Polonia)<\/span><\/span><\/strong><span dir=\"auto\" style=\"vertical-align: inherit;\"><span dir=\"auto\" style=\"vertical-align: inherit;\"> guida l&#8217;analisi dei libri di testo LSP e contribuisce alle componenti linguistiche e metodologiche.<\/span><\/span><\/p>\n<\/li>\n<li data-start=\"2400\" data-end=\"2519\">\n<p data-start=\"2402\" data-end=\"2519\"><strong data-start=\"2402\" data-end=\"2419\"><span dir=\"auto\" style=\"vertical-align: inherit;\"><span dir=\"auto\" style=\"vertical-align: inherit;\">UNINA (Italia)<\/span><\/span><\/strong><span dir=\"auto\" style=\"vertical-align: inherit;\"><span dir=\"auto\" style=\"vertical-align: inherit;\"> , <\/span><\/span><strong data-start=\"2421\" data-end=\"2437\"><span dir=\"auto\" style=\"vertical-align: inherit;\"><span dir=\"auto\" style=\"vertical-align: inherit;\">AMU (Polonia)<\/span><\/span><\/strong><span dir=\"auto\" style=\"vertical-align: inherit;\"><span dir=\"auto\" style=\"vertical-align: inherit;\"> , <\/span><\/span><strong data-start=\"2439\" data-end=\"2457\"><span dir=\"auto\" style=\"vertical-align: inherit;\"><span dir=\"auto\" style=\"vertical-align: inherit;\">MAKU (Turchia)<\/span><\/span><\/strong><span dir=\"auto\" style=\"vertical-align: inherit;\"><span dir=\"auto\" style=\"vertical-align: inherit;\"> e <\/span><\/span><strong data-start=\"2463\" data-end=\"2481\"><span dir=\"auto\" style=\"vertical-align: inherit;\"><span dir=\"auto\" style=\"vertical-align: inherit;\">LPNU (Ucraina)<\/span><\/span><\/strong><span dir=\"auto\" style=\"vertical-align: inherit;\"><span dir=\"auto\" style=\"vertical-align: inherit;\"> organizzano i focus group nazionali.<\/span><\/span><\/p>\n<\/li>\n<li data-start=\"2520\" data-end=\"2626\">\n<p data-start=\"2522\" data-end=\"2626\"><strong data-start=\"2522\" data-end=\"2530\"><span dir=\"auto\" style=\"vertical-align: inherit;\"><span dir=\"auto\" style=\"vertical-align: inherit;\">REN2<\/span><\/span><\/strong><span dir=\"auto\" style=\"vertical-align: inherit;\"><span dir=\"auto\" style=\"vertical-align: inherit;\"> mette a disposizione la sua competenza sull&#8217;uso di giochi fisici ed escape room nell&#8217;apprendimento delle lingue.<\/span><\/span><\/p>\n<\/li>\n<li data-start=\"2627\" data-end=\"2743\">\n<p data-start=\"2629\" data-end=\"2743\"><strong data-start=\"2629\" data-end=\"2637\"><span dir=\"auto\" style=\"vertical-align: inherit;\"><span dir=\"auto\" style=\"vertical-align: inherit;\">LPNU<\/span><\/span><\/strong><span dir=\"auto\" style=\"vertical-align: inherit;\"><span dir=\"auto\" style=\"vertical-align: inherit;\"> e <\/span><\/span><strong data-start=\"2642\" data-end=\"2648\"><span dir=\"auto\" style=\"vertical-align: inherit;\"><span dir=\"auto\" style=\"vertical-align: inherit;\">SM<\/span><\/span><\/strong><span dir=\"auto\" style=\"vertical-align: inherit;\"><span dir=\"auto\" style=\"vertical-align: inherit;\"> sostengono l&#8217;integrazione della gamification e dei serious game nel quadro metodologico.<\/span><\/span><\/p>\n<\/li>\n<\/ul>\n<hr data-start=\"2745\" data-end=\"2748\" \/>\n<h3 data-start=\"2750\" data-end=\"2795\"><span style=\"color: #ff6600;\"><strong data-start=\"2754\" data-end=\"2795\"><span dir=\"auto\" style=\"vertical-align: inherit;\"><span dir=\"auto\" style=\"vertical-align: inherit;\">Il quadro metodologico GAMEland<\/span><\/span><\/strong><\/span><\/h3>\n<p data-start=\"2796\" data-end=\"3208\"><span dir=\"auto\" style=\"vertical-align: inherit;\"><span dir=\"auto\" style=\"vertical-align: inherit;\">Il <\/span><\/span><strong data-start=\"2800\" data-end=\"2837\"><span dir=\"auto\" style=\"vertical-align: inherit;\"><span dir=\"auto\" style=\"vertical-align: inherit;\">Quadro Metodologico GAMEland<\/span><\/span><\/strong><span dir=\"auto\" style=\"vertical-align: inherit;\"><span dir=\"auto\" style=\"vertical-align: inherit;\"> \u00e8 il <\/span><\/span><strong data-start=\"2845\" data-end=\"2860\"><span dir=\"auto\" style=\"vertical-align: inherit;\"><span dir=\"auto\" style=\"vertical-align: inherit;\">risultato principale<\/span><\/span><\/strong><span dir=\"auto\" style=\"vertical-align: inherit;\"><span dir=\"auto\" style=\"vertical-align: inherit;\"> del WP2. <\/span><\/span><br data-start=\"2868\" data-end=\"2871\" \/><span dir=\"auto\" style=\"vertical-align: inherit;\"><span dir=\"auto\" style=\"vertical-align: inherit;\">Riunir\u00e0 i risultati della ricerca sulle competenze linguistiche e professionali, le evidenze raccolte dai focus group e le migliori pratiche nell&#8217;insegnamento dell&#8217;LSP. <\/span><\/span><br data-start=\"3047\" data-end=\"3050\" \/><span dir=\"auto\" style=\"vertical-align: inherit;\"><span dir=\"auto\" style=\"vertical-align: inherit;\">Il documento definir\u00e0 chiaramente i <\/span><\/span><strong data-start=\"3087\" data-end=\"3146\"><span dir=\"auto\" style=\"vertical-align: inherit;\"><span dir=\"auto\" style=\"vertical-align: inherit;\">principi pedagogici, i metodi e gli strumenti di gamification<\/span><\/span><\/strong><span dir=\"auto\" style=\"vertical-align: inherit;\"><span dir=\"auto\" style=\"vertical-align: inherit;\"> da applicare in ambienti di apprendimento linguistico innovativi.<\/span><\/span><\/p>\n<p data-start=\"3210\" data-end=\"3405\"><span dir=\"auto\" style=\"vertical-align: inherit;\"><span dir=\"auto\" style=\"vertical-align: inherit;\">Questo quadro servir\u00e0 da <\/span><\/span><strong data-start=\"3243\" data-end=\"3272\"><span dir=\"auto\" style=\"vertical-align: inherit;\"><span dir=\"auto\" style=\"vertical-align: inherit;\">base metodologica<\/span><\/span><\/strong><span dir=\"auto\" style=\"vertical-align: inherit;\"><span dir=\"auto\" style=\"vertical-align: inherit;\"> per le fasi successive del progetto, garantendo coerenza, innovazione e impatto nella creazione del <\/span><\/span><strong data-start=\"3375\" data-end=\"3404\"><span dir=\"auto\" style=\"vertical-align: inherit;\"><span dir=\"auto\" style=\"vertical-align: inherit;\">gioco educativo GAMEland<\/span><\/span><\/strong><span dir=\"auto\" style=\"vertical-align: inherit;\"><span dir=\"auto\" style=\"vertical-align: inherit;\"> .<\/span><\/span><\/p>\t\t\t\t\t\t<\/div>\n\t\t\t\t<\/div>\n\t\t\t\t\t<\/div>\n\t\t<\/div>\n\t\t\t\t\t\t\t<\/div>\n\t\t<\/section>\n\t\t\t\t<section class=\"elementor-section elementor-top-section elementor-element elementor-element-92e0f9b elementor-section-boxed elementor-section-height-default elementor-section-height-default wpr-particle-no wpr-jarallax-no wpr-parallax-no wpr-sticky-section-no\" data-id=\"92e0f9b\" data-element_type=\"section\">\n\t\t\t\t\t\t<div class=\"elementor-container elementor-column-gap-default\">\n\t\t\t\t\t<div class=\"elementor-column elementor-col-100 elementor-top-column elementor-element elementor-element-85b05f7\" data-id=\"85b05f7\" data-element_type=\"column\">\n\t\t\t<div class=\"elementor-widget-wrap elementor-element-populated\">\n\t\t\t\t\t\t\t\t<div class=\"elementor-element elementor-element-4b13391 elementor-align-center elementor-widget elementor-widget-button\" data-id=\"4b13391\" data-element_type=\"widget\" data-widget_type=\"button.default\">\n\t\t\t\t<div class=\"elementor-widget-container\">\n\t\t\t\t\t<div class=\"elementor-button-wrapper\">\n\t\t\t<a href=\"https:\/\/gamelandproject.eu\/wp-content\/uploads\/2025\/10\/Report-from-WP2.pdf\" class=\"elementor-button-link elementor-button elementor-size-lg\" role=\"button\">\n\t\t\t\t\t\t<span class=\"elementor-button-content-wrapper\">\n\t\t\t\t\t\t<span class=\"elementor-button-text\">DOWNLOAD THE DOCUMENT ON THE METHODOLOGICAL FRAMEWORK <\/span>\n\t\t<\/span>\n\t\t\t\t\t<\/a>\n\t\t<\/div>\n\t\t\t\t<\/div>\n\t\t\t\t<\/div>\n\t\t\t\t\t<\/div>\n\t\t<\/div>\n\t\t\t\t\t\t\t<\/div>\n\t\t<\/section>\n\t\t\t\t<section class=\"elementor-section elementor-top-section elementor-element elementor-element-0348fc5 elementor-section-boxed elementor-section-height-default elementor-section-height-default wpr-particle-no wpr-jarallax-no wpr-parallax-no wpr-sticky-section-no\" data-id=\"0348fc5\" data-element_type=\"section\">\n\t\t\t\t\t\t<div class=\"elementor-container elementor-column-gap-default\">\n\t\t\t\t\t<div class=\"elementor-column elementor-col-100 elementor-top-column elementor-element elementor-element-5f0e85c\" data-id=\"5f0e85c\" data-element_type=\"column\">\n\t\t\t<div class=\"elementor-widget-wrap elementor-element-populated\">\n\t\t\t\t\t\t\t\t<div class=\"elementor-element elementor-element-3b675e4 elementor-widget elementor-widget-spacer\" data-id=\"3b675e4\" data-element_type=\"widget\" data-widget_type=\"spacer.default\">\n\t\t\t\t<div class=\"elementor-widget-container\">\n\t\t\t<style>\/*! elementor - v3.11.2 - 22-02-2023 *\/\n.elementor-column .elementor-spacer-inner{height:var(--spacer-size)}.e-con{--container-widget-width:100%}.e-con-inner>.elementor-widget-spacer,.e-con>.elementor-widget-spacer{width:var(--container-widget-width,var(--spacer-size));--align-self:var(--container-widget-align-self,initial);--flex-shrink:0}.e-con-inner>.elementor-widget-spacer>.elementor-widget-container,.e-con-inner>.elementor-widget-spacer>.elementor-widget-container>.elementor-spacer,.e-con>.elementor-widget-spacer>.elementor-widget-container,.e-con>.elementor-widget-spacer>.elementor-widget-container>.elementor-spacer{height:100%}.e-con-inner>.elementor-widget-spacer>.elementor-widget-container>.elementor-spacer>.elementor-spacer-inner,.e-con>.elementor-widget-spacer>.elementor-widget-container>.elementor-spacer>.elementor-spacer-inner{height:var(--container-widget-height,var(--spacer-size))}<\/style>\t\t<div class=\"elementor-spacer\">\n\t\t\t<div class=\"elementor-spacer-inner\"><\/div>\n\t\t<\/div>\n\t\t\t\t<\/div>\n\t\t\t\t<\/div>\n\t\t\t\t\t<\/div>\n\t\t<\/div>\n\t\t\t\t\t\t\t<\/div>\n\t\t<\/section>\n\t\t\t\t<section class=\"elementor-section elementor-top-section elementor-element elementor-element-1b52bd7 elementor-section-boxed elementor-section-height-default elementor-section-height-default wpr-particle-no wpr-jarallax-no wpr-parallax-no\" data-id=\"1b52bd7\" data-element_type=\"section\">\n\t\t\t\t\t\t<div class=\"elementor-container elementor-column-gap-default\">\n\t\t\t\t\t<div class=\"elementor-column elementor-col-33 elementor-top-column elementor-element elementor-element-456bd18\" data-id=\"456bd18\" data-element_type=\"column\">\n\t\t\t<div class=\"elementor-widget-wrap elementor-element-populated\">\n\t\t\t\t\t\t\t\t<div class=\"elementor-element elementor-element-7c2f5a4 elementor-widget elementor-widget-image\" data-id=\"7c2f5a4\" data-element_type=\"widget\" data-widget_type=\"image.default\">\n\t\t\t\t<div class=\"elementor-widget-container\">\n\t\t\t<style>\/*! elementor - v3.11.2 - 22-02-2023 *\/\n.elementor-widget-image{text-align:center}.elementor-widget-image a{display:inline-block}.elementor-widget-image a img[src$=\".svg\"]{width:48px}.elementor-widget-image img{vertical-align:middle;display:inline-block}<\/style>\t\t\t\t\t\t\t\t\t\t\t\t<img loading=\"lazy\" decoding=\"async\" width=\"960\" height=\"202\" src=\"https:\/\/gamelandproject.eu\/wp-content\/uploads\/2026\/01\/cropped-EN-Co-funded-by-the-EU_POS-1-scaled-1-1024x215.jpg\" class=\"attachment-large size-large wp-image-1988\" alt=\"\" srcset=\"https:\/\/gamelandproject.eu\/wp-content\/uploads\/2026\/01\/cropped-EN-Co-funded-by-the-EU_POS-1-scaled-1-1024x215.jpg 1024w, https:\/\/gamelandproject.eu\/wp-content\/uploads\/2026\/01\/cropped-EN-Co-funded-by-the-EU_POS-1-scaled-1-300x63.jpg 300w, https:\/\/gamelandproject.eu\/wp-content\/uploads\/2026\/01\/cropped-EN-Co-funded-by-the-EU_POS-1-scaled-1-768x161.jpg 768w, https:\/\/gamelandproject.eu\/wp-content\/uploads\/2026\/01\/cropped-EN-Co-funded-by-the-EU_POS-1-scaled-1.jpg 1500w\" sizes=\"auto, (max-width: 960px) 100vw, 960px\" \/>\t\t\t\t\t\t\t\t\t\t\t\t\t\t\t<\/div>\n\t\t\t\t<\/div>\n\t\t\t\t\t<\/div>\n\t\t<\/div>\n\t\t\t\t<div class=\"elementor-column elementor-col-66 elementor-top-column elementor-element elementor-element-11de245\" data-id=\"11de245\" data-element_type=\"column\">\n\t\t\t<div class=\"elementor-widget-wrap elementor-element-populated\">\n\t\t\t\t\t\t\t\t<div class=\"elementor-element elementor-element-294e1c8 elementor-widget elementor-widget-text-editor\" data-id=\"294e1c8\" data-element_type=\"widget\" data-widget_type=\"text-editor.default\">\n\t\t\t\t<div class=\"elementor-widget-container\">\n\t\t\t\t\t\t\t<p>Funded by the European Union. Views and opinions expressed are however those of the author(s) only and do not necessarily reflect those of the European Union or the European Education and Culture Executive Agency (EACEA). Neither the European Union nor EACEA can be held responsible for them.<\/p>\t\t\t\t\t\t<\/div>\n\t\t\t\t<\/div>\n\t\t\t\t\t<\/div>\n\t\t<\/div>\n\t\t\t\t\t\t\t<\/div>\n\t\t<\/section>\n\t\t\t\t\t\t\t<\/div>\n\t\t","protected":false},"excerpt":{"rendered":"<p>PANORAMICA WP2 Obiettivo del WP2 L&#8217;obiettivo principale del Work Package 2 (WP2) \u00e8 lo sviluppo del Quadro Metodologico GAMEland . Questo documento funger\u00e0 da fondamento teorico e operativo per l&#8217;intero modello educativo e gamificato del progetto. Fornir\u00e0 linee guida chiare per l&#8217; applicazione della gamification nell&#8217;insegnamento e nell&#8217;apprendimento della lingua per scopi specifici (LSP) . [&hellip;]<\/p>\n","protected":false},"author":1,"featured_media":0,"parent":0,"menu_order":0,"comment_status":"closed","ping_status":"closed","template":"","meta":{"footnotes":""},"class_list":["post-1924","page","type-page","status-publish","hentry"],"_links":{"self":[{"href":"https:\/\/gamelandproject.eu\/index.php?rest_route=\/wp\/v2\/pages\/1924","targetHints":{"allow":["GET"]}}],"collection":[{"href":"https:\/\/gamelandproject.eu\/index.php?rest_route=\/wp\/v2\/pages"}],"about":[{"href":"https:\/\/gamelandproject.eu\/index.php?rest_route=\/wp\/v2\/types\/page"}],"author":[{"embeddable":true,"href":"https:\/\/gamelandproject.eu\/index.php?rest_route=\/wp\/v2\/users\/1"}],"replies":[{"embeddable":true,"href":"https:\/\/gamelandproject.eu\/index.php?rest_route=%2Fwp%2Fv2%2Fcomments&post=1924"}],"version-history":[{"count":18,"href":"https:\/\/gamelandproject.eu\/index.php?rest_route=\/wp\/v2\/pages\/1924\/revisions"}],"predecessor-version":[{"id":2024,"href":"https:\/\/gamelandproject.eu\/index.php?rest_route=\/wp\/v2\/pages\/1924\/revisions\/2024"}],"wp:attachment":[{"href":"https:\/\/gamelandproject.eu\/index.php?rest_route=%2Fwp%2Fv2%2Fmedia&parent=1924"}],"curies":[{"name":"wp","href":"https:\/\/api.w.org\/{rel}","templated":true}]}}